{"id":182,"date":"2025-08-22T09:59:42","date_gmt":"2025-08-22T09:59:42","guid":{"rendered":"https:\/\/wp.borkan.se\/?page_id=182"},"modified":"2025-08-22T10:47:44","modified_gmt":"2025-08-22T10:47:44","slug":"fiske","status":"publish","type":"page","link":"https:\/\/wp.borkan.se\/index.php\/fiske\/","title":{"rendered":"FISKE"},"content":{"rendered":"\n<figure class=\"wp-block-image aligncenter size-full is-resized\"><img loading=\"lazy\" decoding=\"async\" width=\"1024\" height=\"683\" src=\"https:\/\/wp.borkan.se\/wp-content\/uploads\/2025\/08\/20230708_223926-Medel-edited.jpg\" alt=\"\" class=\"wp-image-203\" style=\"width:952px;height:auto\" srcset=\"https:\/\/wp.borkan.se\/wp-content\/uploads\/2025\/08\/20230708_223926-Medel-edited.jpg 1024w, https:\/\/wp.borkan.se\/wp-content\/uploads\/2025\/08\/20230708_223926-Medel-edited-300x200.jpg 300w, https:\/\/wp.borkan.se\/wp-content\/uploads\/2025\/08\/20230708_223926-Medel-edited-768x512.jpg 768w\" sizes=\"auto, (max-width: 1024px) 100vw, 1024px\" \/><\/figure>\n\n\n\n<p>Borkans samf\u00e4llighetsf\u00f6rening uppl\u00e5ter fiske p\u00e5 Borkan 420 ha, nedre F\u00e4ttjaur 80 ha och p\u00e5 \u00f6vre F\u00e4ttjaur 180 ha. Sj\u00f6arna hyser r\u00f6ding, \u00f6ring och i de str\u00f6mmande delarna \u00e4ven harr. Det finns det gott om sm\u00e5r\u00f6ding, men det g\u00e5r \u00e4ven att f\u00e5 en och annan st\u00f6rre \u00f6ring. Borkasj\u00f6n \u00e4r v\u00e4ldigt djup, hela 62 meter. L\u00e4ngst upp i sj\u00f6n \u00e4r det grundare och chansen att f\u00e5 mycket fisk \u00e4r bra.<\/p>\n\n\n\n<figure class=\"wp-block-image aligncenter size-large\"><img loading=\"lazy\" decoding=\"async\" width=\"1024\" height=\"703\" src=\"https:\/\/wp.borkan.se\/wp-content\/uploads\/2025\/08\/Fiskeomraden-Medel-1024x703.png\" alt=\"\" class=\"wp-image-206\" srcset=\"https:\/\/wp.borkan.se\/wp-content\/uploads\/2025\/08\/Fiskeomraden-Medel-1024x703.png 1024w, https:\/\/wp.borkan.se\/wp-content\/uploads\/2025\/08\/Fiskeomraden-Medel-300x206.png 300w, https:\/\/wp.borkan.se\/wp-content\/uploads\/2025\/08\/Fiskeomraden-Medel-768x528.png 768w, https:\/\/wp.borkan.se\/wp-content\/uploads\/2025\/08\/Fiskeomraden-Medel.png 1118w\" sizes=\"auto, (max-width: 1024px) 100vw, 1024px\" \/><figcaption class=\"wp-element-caption\">Borka Byalags fiskekortsomr\u00e5den<\/figcaption><\/figure>\n\n\n\n<h4 class=\"wp-block-heading has-text-align-center\"><strong>B\u00e5tis\u00e4ttningsplatser finns enligt kartans &#8221;bilmarkeringar&#8221;<\/strong><\/h4>\n\n\n\n<p class=\"has-text-align-center\"><strong>Byalaget s\u00e4ljer enbart digitala fiskekort vilka kan k\u00f6pas genom f\u00f6ljande l\u00e4nk!<\/strong><\/p>\n\n\n\n<figure class=\"wp-block-image aligncenter size-full\"><a href=\"https:\/\/www.ifiske.se\/fiske-borka-byalag.htm\" target=\"_blank\" rel=\" noreferrer noopener\"><img loading=\"lazy\" decoding=\"async\" width=\"320\" height=\"110\" src=\"https:\/\/wp.borkan.se\/wp-content\/uploads\/2025\/08\/ifiske.png\" alt=\"\" class=\"wp-image-184\" srcset=\"https:\/\/wp.borkan.se\/wp-content\/uploads\/2025\/08\/ifiske.png 320w, https:\/\/wp.borkan.se\/wp-content\/uploads\/2025\/08\/ifiske-300x103.png 300w\" sizes=\"auto, (max-width: 320px) 100vw, 320px\" \/><\/a><\/figure>\n\n\n\n<p><\/p>\n","protected":false},"excerpt":{"rendered":"<p>Borkans samf\u00e4llighetsf\u00f6rening uppl\u00e5ter fiske p\u00e5 Borkan 420 ha, nedre F\u00e4ttjaur 80 ha och p\u00e5 \u00f6vre F\u00e4ttjaur 180 ha. Sj\u00f6arna hyser r\u00f6ding, \u00f6ring och i de str\u00f6mmande delarna \u00e4ven harr. Det finns det gott om sm\u00e5r\u00f6ding, men det g\u00e5r \u00e4ven att f\u00e5 en och annan st\u00f6rre \u00f6ring. Borkasj\u00f6n \u00e4r v\u00e4ldigt djup, hela 62 meter. L\u00e4ngst upp [&hellip;]<\/p>\n","protected":false},"author":1,"featured_media":0,"parent":0,"menu_order":0,"comment_status":"closed","ping_status":"closed","template":"","meta":{"_uag_custom_page_level_css":"","footnotes":""},"class_list":["post-182","page","type-page","status-publish","hentry"],"blocksy_meta":[],"uagb_featured_image_src":{"full":false,"thumbnail":false,"medium":false,"medium_large":false,"large":false,"1536x1536":false,"2048x2048":false},"uagb_author_info":{"display_name":"admin","author_link":"https:\/\/wp.borkan.se\/index.php\/author\/admin_b0rkn\/"},"uagb_comment_info":0,"uagb_excerpt":"Borkans samf\u00e4llighetsf\u00f6rening uppl\u00e5ter fiske p\u00e5 Borkan 420 ha, nedre F\u00e4ttjaur 80 ha och p\u00e5 \u00f6vre F\u00e4ttjaur 180 ha. Sj\u00f6arna hyser r\u00f6ding, \u00f6ring och i de str\u00f6mmande delarna \u00e4ven harr. Det finns det gott om sm\u00e5r\u00f6ding, men det g\u00e5r \u00e4ven att f\u00e5 en och annan st\u00f6rre \u00f6ring. Borkasj\u00f6n \u00e4r v\u00e4ldigt djup, hela 62 meter. L\u00e4ngst upp&hellip;","_links":{"self":[{"href":"https:\/\/wp.borkan.se\/index.php\/wp-json\/wp\/v2\/pages\/182","targetHints":{"allow":["GET"]}}],"collection":[{"href":"https:\/\/wp.borkan.se\/index.php\/wp-json\/wp\/v2\/pages"}],"about":[{"href":"https:\/\/wp.borkan.se\/index.php\/wp-json\/wp\/v2\/types\/page"}],"author":[{"embeddable":true,"href":"https:\/\/wp.borkan.se\/index.php\/wp-json\/wp\/v2\/users\/1"}],"replies":[{"embeddable":true,"href":"https:\/\/wp.borkan.se\/index.php\/wp-json\/wp\/v2\/comments?post=182"}],"version-history":[{"count":6,"href":"https:\/\/wp.borkan.se\/index.php\/wp-json\/wp\/v2\/pages\/182\/revisions"}],"predecessor-version":[{"id":211,"href":"https:\/\/wp.borkan.se\/index.php\/wp-json\/wp\/v2\/pages\/182\/revisions\/211"}],"wp:attachment":[{"href":"https:\/\/wp.borkan.se\/index.php\/wp-json\/wp\/v2\/media?parent=182"}],"curies":[{"name":"wp","href":"https:\/\/api.w.org\/{rel}","templated":true}]}}