{"id":244,"date":"2025-08-22T16:01:21","date_gmt":"2025-08-22T16:01:21","guid":{"rendered":"https:\/\/wp.borkan.se\/?page_id=244"},"modified":"2026-04-21T08:54:51","modified_gmt":"2026-04-21T08:54:51","slug":"byar","status":"publish","type":"page","link":"https:\/\/wp.borkan.se\/index.php\/byar\/","title":{"rendered":"BYAR"},"content":{"rendered":"\n<div class=\"wp-block-media-text is-stacked-on-mobile\"><figure class=\"wp-block-media-text__media\"><img loading=\"lazy\" decoding=\"async\" width=\"768\" height=\"768\" src=\"https:\/\/wp.borkan.se\/wp-content\/uploads\/2025\/08\/Bergsund-ca-1955_05-Medel.jpg\" alt=\"\" class=\"wp-image-245 size-full\" srcset=\"https:\/\/wp.borkan.se\/wp-content\/uploads\/2025\/08\/Bergsund-ca-1955_05-Medel.jpg 768w, https:\/\/wp.borkan.se\/wp-content\/uploads\/2025\/08\/Bergsund-ca-1955_05-Medel-300x300.jpg 300w, https:\/\/wp.borkan.se\/wp-content\/uploads\/2025\/08\/Bergsund-ca-1955_05-Medel-150x150.jpg 150w\" sizes=\"auto, (max-width: 768px) 100vw, 768px\" \/><\/figure><div class=\"wp-block-media-text__content\">\n<h2 class=\"wp-block-heading\">BERGSUND<\/h2>\n\n\n\n<p>Omr\u00e5det har en l\u00e5ng historia, med sp\u00e5r av tidig bos\u00e4ttning. Idag \u00e4r Bergsund fr\u00e4mst en lugn bostadsbygd med en mix av permanentboende och fritidshus. Bergsund \u00e4r popul\u00e4rt bland personer som s\u00f6ker en avkopplande livsstil n\u00e4ra naturen och med m\u00f6jligheter till friluftsliv \u00e5ret runt. N\u00e5gra aktiviteter som \u00e4r vanliga i omr\u00e5det inkluderar vandring, fiske, jakt, b\u00e4r- och svampplockning samt skid\u00e5kning p\u00e5 vintern. Byn ligger ocks\u00e5 intill en del fina fiskevatten.<\/p>\n<\/div><\/div>\n\n\n\n<hr class=\"wp-block-separator has-alpha-channel-opacity\"\/>\n\n\n\n<div class=\"wp-block-media-text is-stacked-on-mobile\"><figure class=\"wp-block-media-text__media\"><img loading=\"lazy\" decoding=\"async\" width=\"768\" height=\"768\" src=\"https:\/\/wp.borkan.se\/wp-content\/uploads\/2025\/08\/Bokan-ca-1955-Medel.jpg\" alt=\"\" class=\"wp-image-246 size-full\" srcset=\"https:\/\/wp.borkan.se\/wp-content\/uploads\/2025\/08\/Bokan-ca-1955-Medel.jpg 768w, https:\/\/wp.borkan.se\/wp-content\/uploads\/2025\/08\/Bokan-ca-1955-Medel-300x300.jpg 300w, https:\/\/wp.borkan.se\/wp-content\/uploads\/2025\/08\/Bokan-ca-1955-Medel-150x150.jpg 150w\" sizes=\"auto, (max-width: 768px) 100vw, 768px\" \/><\/figure><div class=\"wp-block-media-text__content\">\n<h2 class=\"wp-block-heading\">BORKAN<\/h2>\n\n\n\n<p>Byn ligger vid Borkasj\u00f6ns norra strand, d\u00e4r Vojm\u00e5n mynnar ut. Fr\u00e5n Borkan kan man se fj\u00e4llen Daunatj\u00e5kko, Kittelfj\u00e4ll och Borkafj\u00e4ll.<\/p>\n\n\n\n<p>Det n\u00e4rbel\u00e4gna Borkafj\u00e4llet \u00e4r en popul\u00e4r destination f\u00f6r helikopterskid\u00e5kning.<\/p>\n<\/div><\/div>\n\n\n\n<hr class=\"wp-block-separator has-alpha-channel-opacity\"\/>\n\n\n\n<div class=\"wp-block-media-text is-stacked-on-mobile\"><figure class=\"wp-block-media-text__media\"><\/figure><div class=\"wp-block-media-text__content\">\n<h2 class=\"wp-block-heading\">BORKASJ\u00d6<\/h2>\n<\/div><\/div>\n\n\n\n<hr class=\"wp-block-separator has-alpha-channel-opacity\"\/>\n\n\n\n<div class=\"wp-block-media-text is-stacked-on-mobile\"><figure class=\"wp-block-media-text__media\"><img loading=\"lazy\" decoding=\"async\" width=\"768\" height=\"768\" src=\"https:\/\/wp.borkan.se\/wp-content\/uploads\/2025\/08\/Hogfjallskonferensen-i-Fattjaure-ca-1955_06-Medel.jpg\" alt=\"Foto: Kjell Fj\u00e4llstr\u00f6m 1955\" class=\"wp-image-247 size-full\" srcset=\"https:\/\/wp.borkan.se\/wp-content\/uploads\/2025\/08\/Hogfjallskonferensen-i-Fattjaure-ca-1955_06-Medel.jpg 768w, https:\/\/wp.borkan.se\/wp-content\/uploads\/2025\/08\/Hogfjallskonferensen-i-Fattjaure-ca-1955_06-Medel-300x300.jpg 300w, https:\/\/wp.borkan.se\/wp-content\/uploads\/2025\/08\/Hogfjallskonferensen-i-Fattjaure-ca-1955_06-Medel-150x150.jpg 150w\" sizes=\"auto, (max-width: 768px) 100vw, 768px\" \/><\/figure><div class=\"wp-block-media-text__content\">\n<h2 class=\"wp-block-heading\">F\u00c4TTJAURE<\/h2>\n\n\n\n<p>Enligt k\u00e4llor fr\u00e5n bland annat Henriksfj\u00e4lls Bygdemuseum och O.P. Petterssons verk &#8221;Gamla Byar i Vilhelmina&#8221; var F\u00e4ttjaure ursprungligen ett nybygge.<\/p>\n\n\n\n<ul class=\"wp-block-list\">\n<li><strong>Tidiga nybyggare:<\/strong> Lars Larsson var den f\u00f6rsta som valde sin g\u00e5rdstomt vid F\u00e4ttjaure. Han byggde en stuga och ett f\u00e4hus, men innehade nybygget bara en kort tid innan han flyttade.<\/li>\n\n\n\n<li><strong>Johan Jansson:<\/strong> G\u00e5rden \u00f6vertogs senare av rensk\u00f6taren Johan Jansson, som uppodlade nybygget och byggde hus p\u00e5 platsen.<\/li>\n\n\n\n<li><strong>Johannes Johansson:<\/strong> Under 1900-talet har g\u00e5rden varit bebodd av familjen Johansson. Johannes Johansson (1897-1985) och hans hustru Kristina Helena (1905-1987) levde och verkade p\u00e5 g\u00e5rden i F\u00e4ttjaure. Fotografier och arkivmaterial fr\u00e5n Vilhelmina Fotoarkiv bekr\u00e4ftar deras anknytning till platsen.<\/li>\n<\/ul>\n<\/div><\/div>\n\n\n\n<hr class=\"wp-block-separator has-alpha-channel-opacity\"\/>\n\n\n\n<div class=\"wp-block-media-text is-stacked-on-mobile\"><figure class=\"wp-block-media-text__media\"><img loading=\"lazy\" decoding=\"async\" width=\"842\" height=\"768\" src=\"https:\/\/wp.borkan.se\/wp-content\/uploads\/2025\/08\/Nygard-med-Linder-och-Erik-Alfredsson-Medel.jpg\" alt=\"\" class=\"wp-image-248 size-full\" srcset=\"https:\/\/wp.borkan.se\/wp-content\/uploads\/2025\/08\/Nygard-med-Linder-och-Erik-Alfredsson-Medel.jpg 842w, https:\/\/wp.borkan.se\/wp-content\/uploads\/2025\/08\/Nygard-med-Linder-och-Erik-Alfredsson-Medel-300x274.jpg 300w, https:\/\/wp.borkan.se\/wp-content\/uploads\/2025\/08\/Nygard-med-Linder-och-Erik-Alfredsson-Medel-768x701.jpg 768w\" sizes=\"auto, (max-width: 842px) 100vw, 842px\" \/><\/figure><div class=\"wp-block-media-text__content\">\n<h2 class=\"wp-block-heading\">NYG\u00c5RD<\/h2>\n\n\n\n<p>Nyg\u00e5rd har en historia med kopplingar till samesl\u00f6jd, d\u00e5 den tidigare var platsen f\u00f6r den k\u00e4nda samesl\u00f6jdaren Anna Alfredsson. G\u00e5rden tycks ha varit en del av den lokala nybyggarkulturen och det finns historiska fotografier och arkivmaterial som visar verksamhet och interi\u00f6r fr\u00e5n g\u00e5rden.<\/p>\n\n\n\n<p>\u00c4ven om Nyg\u00e5rd idag inte \u00e4r en traditionell by, \u00e4r platsen k\u00e4nd i lokalhistoriska sammanhang och omn\u00e4mns p\u00e5 kartor och i lokala arkiv som ett av de \u00e4ldre hemmanen i omr\u00e5det.<\/p>\n\n\n\n<p>Bilden tagen av Kjell Fj\u00e4llstr\u00f6m 1954. P\u00e5 bilden syns Linder Alfredsson med sonen Erik. Dan Fj\u00e4llstr\u00f6m st\u00e5r i mitten.<\/p>\n<\/div><\/div>\n\n\n\n<hr class=\"wp-block-separator has-alpha-channel-opacity\"\/>\n\n\n\n<div class=\"wp-block-media-text is-stacked-on-mobile\"><figure class=\"wp-block-media-text__media\"><img loading=\"lazy\" decoding=\"async\" width=\"1024\" height=\"754\" src=\"https:\/\/wp.borkan.se\/wp-content\/uploads\/2025\/08\/1948-49-1024x754.jpg\" alt=\"\" class=\"wp-image-249 size-full\" srcset=\"https:\/\/wp.borkan.se\/wp-content\/uploads\/2025\/08\/1948-49-1024x754.jpg 1024w, https:\/\/wp.borkan.se\/wp-content\/uploads\/2025\/08\/1948-49-300x221.jpg 300w, https:\/\/wp.borkan.se\/wp-content\/uploads\/2025\/08\/1948-49-768x565.jpg 768w, https:\/\/wp.borkan.se\/wp-content\/uploads\/2025\/08\/1948-49.jpg 1410w\" sizes=\"auto, (max-width: 1024px) 100vw, 1024px\" \/><\/figure><div class=\"wp-block-media-text__content\">\n<h2 class=\"wp-block-heading\">STORBACKEN<\/h2>\n\n\n\n<p>G\u00e5rden har en l\u00e5ng historia som en av de tidiga bos\u00e4ttningarna i omr\u00e5det. Den har kopplingar till den nybyggarkultur som etablerade sig i de s\u00f6dra Lapplandsfj\u00e4llen. Historiska fotografier och dokument fr\u00e5n Vilhelmina Fotoarkiv bekr\u00e4ftar att Storbacken var en aktiv g\u00e5rd med bebyggelse och verksamhet. G\u00e5rden \u00e4r bebodd av sl\u00e4kten Klementsson,  en sl\u00e4kt som har en stark koppling till bygden.<br>Foto: Kjell Fj\u00e4llstr\u00f6m, c:a 1948<\/p>\n\n\n\n<div class=\"wp-block-buttons is-layout-flex wp-block-buttons-is-layout-flex\">\n<div class=\"wp-block-button\"><a class=\"wp-block-button__link wp-element-button\" href=\"https:\/\/storbacken.36256ryd.se\/\" target=\"_blank\" rel=\"noreferrer noopener\">Storbacken<\/a><\/div>\n<\/div>\n<\/div><\/div>\n\n\n\n<hr class=\"wp-block-separator has-alpha-channel-opacity\"\/>\n\n\n\n<div class=\"wp-block-media-text is-stacked-on-mobile\"><figure class=\"wp-block-media-text__media\"><img loading=\"lazy\" decoding=\"async\" width=\"1024\" height=\"768\" src=\"https:\/\/wp.borkan.se\/wp-content\/uploads\/2025\/08\/Fatjaure030711-1-1024x768.jpg\" alt=\"\" class=\"wp-image-254 size-full\" srcset=\"https:\/\/wp.borkan.se\/wp-content\/uploads\/2025\/08\/Fatjaure030711-1-1024x768.jpg 1024w, https:\/\/wp.borkan.se\/wp-content\/uploads\/2025\/08\/Fatjaure030711-1-300x225.jpg 300w, https:\/\/wp.borkan.se\/wp-content\/uploads\/2025\/08\/Fatjaure030711-1-768x576.jpg 768w, https:\/\/wp.borkan.se\/wp-content\/uploads\/2025\/08\/Fatjaure030711-1-1536x1152.jpg 1536w, https:\/\/wp.borkan.se\/wp-content\/uploads\/2025\/08\/Fatjaure030711-1.jpg 2048w\" sizes=\"auto, (max-width: 1024px) 100vw, 1024px\" \/><\/figure><div class=\"wp-block-media-text__content\">\n<h2 class=\"wp-block-heading\">SVALGON\u00c4S<\/h2>\n\n\n\n<p>Svalgon\u00e4s har en dokumenterad historia som ett nybygge fr\u00e5n tidigt 1800-tal. Den f\u00f6rsta nybyggaren p\u00e5 platsen var Lars P\u00e5lsson fr\u00e5n Dikan\u00e4s. Efter n\u00e5gra \u00e5r flyttade han till R\u00e5sele, och g\u00e5rden \u00f6vertogs av Lars Larsson fr\u00e5n Borkan. Genom \u00e5ren har g\u00e5rden haft flera \u00e4gare och har varit aktiv som jordbruk och bos\u00e4ttningsplats. Platsen har \u00e4ven varit en viktig knutpunkt f\u00f6r resande p\u00e5 v\u00e4g mellan Dikan\u00e4s och Borkan, s\u00e4rskilt under vintertid.<\/p>\n\n\n\n<div class=\"wp-block-buttons is-layout-flex wp-block-buttons-is-layout-flex\">\n<div class=\"wp-block-button\"><a class=\"wp-block-button__link wp-element-button\" href=\"https:\/\/svalgonas.se\/\" target=\"_blank\" rel=\"noreferrer noopener\">SVALGON\u00c4S<\/a><\/div>\n<\/div>\n<\/div><\/div>\n\n\n\n<hr class=\"wp-block-separator has-alpha-channel-opacity\"\/>\n\n\n\n<hr class=\"wp-block-separator has-alpha-channel-opacity\"\/>\n\n\n\n<p><\/p>\n","protected":false},"excerpt":{"rendered":"<p>BERGSUND Omr\u00e5det har en l\u00e5ng historia, med sp\u00e5r av tidig bos\u00e4ttning. Idag \u00e4r Bergsund fr\u00e4mst en lugn bostadsbygd med en mix av permanentboende och fritidshus. Bergsund \u00e4r popul\u00e4rt bland personer som s\u00f6ker en avkopplande livsstil n\u00e4ra naturen och med m\u00f6jligheter till friluftsliv \u00e5ret runt. N\u00e5gra aktiviteter som \u00e4r vanliga i omr\u00e5det inkluderar vandring, fiske, jakt, [&hellip;]<\/p>\n","protected":false},"author":1,"featured_media":0,"parent":0,"menu_order":0,"comment_status":"closed","ping_status":"closed","template":"","meta":{"_uag_custom_page_level_css":"","footnotes":""},"class_list":["post-244","page","type-page","status-publish","hentry"],"blocksy_meta":[],"uagb_featured_image_src":{"full":false,"thumbnail":false,"medium":false,"medium_large":false,"large":false,"1536x1536":false,"2048x2048":false},"uagb_author_info":{"display_name":"admin","author_link":"https:\/\/wp.borkan.se\/index.php\/author\/admin_b0rkn\/"},"uagb_comment_info":0,"uagb_excerpt":"BERGSUND Omr\u00e5det har en l\u00e5ng historia, med sp\u00e5r av tidig bos\u00e4ttning. Idag \u00e4r Bergsund fr\u00e4mst en lugn bostadsbygd med en mix av permanentboende och fritidshus. Bergsund \u00e4r popul\u00e4rt bland personer som s\u00f6ker en avkopplande livsstil n\u00e4ra naturen och med m\u00f6jligheter till friluftsliv \u00e5ret runt. N\u00e5gra aktiviteter som \u00e4r vanliga i omr\u00e5det inkluderar vandring, fiske, jakt,&hellip;","_links":{"self":[{"href":"https:\/\/wp.borkan.se\/index.php\/wp-json\/wp\/v2\/pages\/244","targetHints":{"allow":["GET"]}}],"collection":[{"href":"https:\/\/wp.borkan.se\/index.php\/wp-json\/wp\/v2\/pages"}],"about":[{"href":"https:\/\/wp.borkan.se\/index.php\/wp-json\/wp\/v2\/types\/page"}],"author":[{"embeddable":true,"href":"https:\/\/wp.borkan.se\/index.php\/wp-json\/wp\/v2\/users\/1"}],"replies":[{"embeddable":true,"href":"https:\/\/wp.borkan.se\/index.php\/wp-json\/wp\/v2\/comments?post=244"}],"version-history":[{"count":7,"href":"https:\/\/wp.borkan.se\/index.php\/wp-json\/wp\/v2\/pages\/244\/revisions"}],"predecessor-version":[{"id":394,"href":"https:\/\/wp.borkan.se\/index.php\/wp-json\/wp\/v2\/pages\/244\/revisions\/394"}],"wp:attachment":[{"href":"https:\/\/wp.borkan.se\/index.php\/wp-json\/wp\/v2\/media?parent=244"}],"curies":[{"name":"wp","href":"https:\/\/api.w.org\/{rel}","templated":true}]}}