{"id":34,"date":"2025-08-21T16:29:27","date_gmt":"2025-08-21T16:29:27","guid":{"rendered":"https:\/\/wp.borkan.se\/index.php\/batuthyrning\/"},"modified":"2026-01-16T11:22:13","modified_gmt":"2026-01-16T11:22:13","slug":"batuthyrning","status":"publish","type":"page","link":"https:\/\/wp.borkan.se\/index.php\/batuthyrning\/","title":{"rendered":"B\u00c5TUTHYRNING"},"content":{"rendered":"\n<h2 class=\"wp-block-heading\"><strong>Hyr en b\u00e5t f\u00f6r fiske i \u00d6vre F\u00e4ttjaure<\/strong><\/h2>\n\n\n\n<p>Borka byalag hyr ut b\u00e5t vid fiske p\u00e5 v\u00e5ra fiskevatten. Kontakta ansvarig f\u00f6r information och kostnad.<\/p>\n\n\n\n<figure class=\"wp-block-image size-large is-resized\"><img loading=\"lazy\" decoding=\"async\" width=\"1024\" height=\"576\" src=\"https:\/\/wp.borkan.se\/wp-content\/uploads\/2025\/08\/IMG_20230715_204555037_HDR-Medel-1024x576.jpg\" alt=\"\" class=\"wp-image-201\" style=\"width:887px;height:auto\" srcset=\"https:\/\/wp.borkan.se\/wp-content\/uploads\/2025\/08\/IMG_20230715_204555037_HDR-Medel-1024x576.jpg 1024w, https:\/\/wp.borkan.se\/wp-content\/uploads\/2025\/08\/IMG_20230715_204555037_HDR-Medel-300x169.jpg 300w, https:\/\/wp.borkan.se\/wp-content\/uploads\/2025\/08\/IMG_20230715_204555037_HDR-Medel-768x432.jpg 768w, https:\/\/wp.borkan.se\/wp-content\/uploads\/2025\/08\/IMG_20230715_204555037_HDR-Medel.jpg 1365w\" sizes=\"auto, (max-width: 1024px) 100vw, 1024px\" \/><\/figure>\n\n\n\n<p>Om ni \u00f6nskar hyra ta kontakt med ansvarig f\u00f6r b\u00e5tuthyrning: <strong>0730284160<\/strong><\/p>\n","protected":false},"excerpt":{"rendered":"<p>Hyr en b\u00e5t f\u00f6r fiske i \u00d6vre F\u00e4ttjaure Borka byalag hyr ut b\u00e5t vid fiske p\u00e5 v\u00e5ra fiskevatten. Kontakta ansvarig f\u00f6r information och kostnad. Om ni \u00f6nskar hyra ta kontakt med ansvarig f\u00f6r b\u00e5tuthyrning: 0730284160<\/p>\n","protected":false},"author":1,"featured_media":0,"parent":0,"menu_order":0,"comment_status":"closed","ping_status":"closed","template":"","meta":{"_uag_custom_page_level_css":"","footnotes":""},"class_list":["post-34","page","type-page","status-publish","hentry"],"blocksy_meta":[],"uagb_featured_image_src":{"full":false,"thumbnail":false,"medium":false,"medium_large":false,"large":false,"1536x1536":false,"2048x2048":false},"uagb_author_info":{"display_name":"admin","author_link":"https:\/\/wp.borkan.se\/index.php\/author\/admin_b0rkn\/"},"uagb_comment_info":0,"uagb_excerpt":"Hyr en b\u00e5t f\u00f6r fiske i \u00d6vre F\u00e4ttjaure Borka byalag hyr ut b\u00e5t vid fiske p\u00e5 v\u00e5ra fiskevatten. Kontakta ansvarig f\u00f6r information och kostnad. Om ni \u00f6nskar hyra ta kontakt med ansvarig f\u00f6r b\u00e5tuthyrning: 0730284160","_links":{"self":[{"href":"https:\/\/wp.borkan.se\/index.php\/wp-json\/wp\/v2\/pages\/34","targetHints":{"allow":["GET"]}}],"collection":[{"href":"https:\/\/wp.borkan.se\/index.php\/wp-json\/wp\/v2\/pages"}],"about":[{"href":"https:\/\/wp.borkan.se\/index.php\/wp-json\/wp\/v2\/types\/page"}],"author":[{"embeddable":true,"href":"https:\/\/wp.borkan.se\/index.php\/wp-json\/wp\/v2\/users\/1"}],"replies":[{"embeddable":true,"href":"https:\/\/wp.borkan.se\/index.php\/wp-json\/wp\/v2\/comments?post=34"}],"version-history":[{"count":6,"href":"https:\/\/wp.borkan.se\/index.php\/wp-json\/wp\/v2\/pages\/34\/revisions"}],"predecessor-version":[{"id":381,"href":"https:\/\/wp.borkan.se\/index.php\/wp-json\/wp\/v2\/pages\/34\/revisions\/381"}],"wp:attachment":[{"href":"https:\/\/wp.borkan.se\/index.php\/wp-json\/wp\/v2\/media?parent=34"}],"curies":[{"name":"wp","href":"https:\/\/api.w.org\/{rel}","templated":true}]}}