{"id":8,"date":"2025-08-21T16:27:19","date_gmt":"2025-08-21T16:27:19","guid":{"rendered":"https:\/\/wp.borkan.se\/index.php\/front_page\/"},"modified":"2026-01-18T11:12:17","modified_gmt":"2026-01-18T11:12:17","slug":"front_page","status":"publish","type":"page","link":"https:\/\/wp.borkan.se\/","title":{"rendered":"Hem"},"content":{"rendered":"\n<h2 class=\"wp-block-heading has-text-align-center\">Borka Byalags Samf\u00e4llighetsf\u00f6rening<\/h2>\n\n\n\n<p class=\"has-text-align-center\">Borka byalag erbjuder fiske i olika former p\u00e5 \u00d6vre o Nedre F\u00e4ttjaure och i Borkasj\u00f6n.<br>Kombinera g\u00e4rna fisket med m\u00e5nga andra trevliga fritidsaktiviteter i Kittelfj\u00e4ll med omland.<\/p>\n\n\n\n<div class=\"wp-block-columns are-vertically-aligned-top is-layout-flex wp-container-core-columns-is-layout-28f84493 wp-block-columns-is-layout-flex\">\n<div class=\"wp-block-column is-vertically-aligned-top is-layout-flow wp-block-column-is-layout-flow\">\n<figure class=\"wp-block-image aligncenter size-full is-resized\"><img loading=\"lazy\" decoding=\"async\" width=\"500\" height=\"333\" src=\"https:\/\/wp.borkan.se\/wp-content\/uploads\/2025\/08\/laxoring-1-e1755809558340-edited.png\" alt=\"\" class=\"wp-image-135\" style=\"width:548px;height:auto\" srcset=\"https:\/\/wp.borkan.se\/wp-content\/uploads\/2025\/08\/laxoring-1-e1755809558340-edited.png 500w, https:\/\/wp.borkan.se\/wp-content\/uploads\/2025\/08\/laxoring-1-e1755809558340-edited-300x200.png 300w\" sizes=\"auto, (max-width: 500px) 100vw, 500px\" \/><figcaption class=\"wp-element-caption\">Exklusivt fj\u00e4llfiske<\/figcaption><\/figure>\n\n\n\n<h2 class=\"wp-block-heading has-text-align-center\">FISKE<\/h2>\n\n\n\n<p class=\"has-text-align-left\">Borkans samf\u00e4llighetsf\u00f6rening uppl\u00e5ter fiske p\u00e5 Borkan, Nedre F\u00e4ttjaur och p\u00e5 \u00d6vre F\u00e4ttjaur.<br>Sj\u00f6arna hyser r\u00f6ding, \u00f6ring och i de str\u00f6mmande delarna \u00e4ven harr. Knappen leder till info och fiskekort!<\/p>\n\n\n\n<div style=\"height:2px\" aria-hidden=\"true\" class=\"wp-block-spacer\"><\/div>\n\n\n\n<div class=\"wp-block-buttons is-content-justification-center is-layout-flex wp-container-core-buttons-is-layout-a89b3969 wp-block-buttons-is-layout-flex\">\n<div class=\"wp-block-button\"><a class=\"wp-block-button__link wp-element-button\" href=\"https:\/\/www.ifiske.se\/fiske-borka-byalag.htm\" target=\"_blank\" rel=\"noreferrer noopener\">FISKEKORT<\/a><\/div>\n<\/div>\n<\/div>\n\n\n\n<div class=\"wp-block-column is-vertically-aligned-top is-layout-flow wp-block-column-is-layout-flow\">\n<figure class=\"wp-block-image aligncenter size-full is-resized\"><img loading=\"lazy\" decoding=\"async\" width=\"1028\" height=\"768\" src=\"https:\/\/wp.borkan.se\/wp-content\/uploads\/2025\/08\/Magnus-ror-pa-Nedre-Fattjaure_06-Medel-rotated.jpg\" alt=\"\" class=\"wp-image-196\" style=\"aspect-ratio:1.3385696383816685;width:416px;height:auto\" srcset=\"https:\/\/wp.borkan.se\/wp-content\/uploads\/2025\/08\/Magnus-ror-pa-Nedre-Fattjaure_06-Medel-rotated.jpg 1028w, https:\/\/wp.borkan.se\/wp-content\/uploads\/2025\/08\/Magnus-ror-pa-Nedre-Fattjaure_06-Medel-300x224.jpg 300w, https:\/\/wp.borkan.se\/wp-content\/uploads\/2025\/08\/Magnus-ror-pa-Nedre-Fattjaure_06-Medel-1024x765.jpg 1024w, https:\/\/wp.borkan.se\/wp-content\/uploads\/2025\/08\/Magnus-ror-pa-Nedre-Fattjaure_06-Medel-768x574.jpg 768w\" sizes=\"auto, (max-width: 1028px) 100vw, 1028px\" \/><figcaption class=\"wp-element-caption\">Nedre F\u00e4ttjaure<\/figcaption><\/figure>\n\n\n\n<h2 class=\"wp-block-heading has-text-align-center\">HYRA B\u00c5T<\/h2>\n\n\n\n<p>Borka byalag hyr ut b\u00e5t vid fiske p\u00e5 v\u00e5ra fiskevatten. Kontakta ansvarig f\u00f6r information och kostnad. <br>Kontakta ansvarig f\u00f6r b\u00e5tuthyrning:&nbsp;<strong>0730284160<\/strong><\/p>\n\n\n\n<div style=\"height:30px\" aria-hidden=\"true\" class=\"wp-block-spacer\"><\/div>\n\n\n\n<div class=\"wp-block-buttons is-content-justification-center is-layout-flex wp-container-core-buttons-is-layout-a89b3969 wp-block-buttons-is-layout-flex\">\n<div class=\"wp-block-button\"><a class=\"wp-block-button__link wp-element-button\" href=\"https:\/\/wp.borkan.se\/index.php\/batuthyrning\/\">HYR B\u00c5T<\/a><\/div>\n<\/div>\n<\/div>\n\n\n\n<div class=\"wp-block-column is-vertically-aligned-top is-layout-flow wp-block-column-is-layout-flow\">\n<figure class=\"wp-block-image aligncenter size-large\"><img loading=\"lazy\" decoding=\"async\" width=\"991\" height=\"1024\" src=\"https:\/\/wp.borkan.se\/wp-content\/uploads\/2025\/08\/20220711_205451-scaled-e1755868404957-991x1024.jpg\" alt=\"\" class=\"wp-image-237\" style=\"aspect-ratio:4\/3;object-fit:contain\" srcset=\"https:\/\/wp.borkan.se\/wp-content\/uploads\/2025\/08\/20220711_205451-scaled-e1755868404957-991x1024.jpg 991w, https:\/\/wp.borkan.se\/wp-content\/uploads\/2025\/08\/20220711_205451-scaled-e1755868404957-290x300.jpg 290w, https:\/\/wp.borkan.se\/wp-content\/uploads\/2025\/08\/20220711_205451-scaled-e1755868404957-768x794.jpg 768w, https:\/\/wp.borkan.se\/wp-content\/uploads\/2025\/08\/20220711_205451-scaled-e1755868404957-1486x1536.jpg 1486w, https:\/\/wp.borkan.se\/wp-content\/uploads\/2025\/08\/20220711_205451-scaled-e1755868404957.jpg 1920w\" sizes=\"auto, (max-width: 991px) 100vw, 991px\" \/><\/figure>\n\n\n\n<h2 class=\"wp-block-heading has-text-align-center\">MEDLEMSFORUM<\/h2>\n\n\n\n<p> Inloggning beh\u00f6vs och erh\u00e5lles av ordf\u00f6rande i f\u00f6reningen per e-post: <a href=\"mailto:info@borkan.se\">info@borkan.se<\/a>.<\/p>\n\n\n\n<div style=\"height:32px\" aria-hidden=\"true\" class=\"wp-block-spacer\"><\/div>\n\n\n\n<div style=\"height:4px\" aria-hidden=\"true\" class=\"wp-block-spacer\"><\/div>\n\n\n\n<div class=\"wp-block-buttons is-content-justification-center is-layout-flex wp-container-core-buttons-is-layout-a89b3969 wp-block-buttons-is-layout-flex\">\n<div class=\"wp-block-button\"><a class=\"wp-block-button__link wp-element-button\" href=\"https:\/\/medlem.borkan.se\/\" target=\"_blank\" rel=\"noreferrer noopener\">MEDLEMSFORUM<\/a><\/div>\n<\/div>\n<\/div>\n<\/div>\n\n\n\n<div class=\"wp-block-columns is-layout-flex wp-container-core-columns-is-layout-28f84493 wp-block-columns-is-layout-flex\">\n<div class=\"wp-block-column is-layout-flow wp-block-column-is-layout-flow\"><\/div>\n\n\n\n<div class=\"wp-block-column is-layout-flow wp-block-column-is-layout-flow\" style=\"flex-basis:100%\">\n<hr class=\"wp-block-separator has-alpha-channel-opacity\"\/>\n\n\n\n<div class=\"wp-block-columns is-layout-flex wp-container-core-columns-is-layout-28f84493 wp-block-columns-is-layout-flex\">\n<div class=\"wp-block-column is-vertically-aligned-top is-layout-flow wp-block-column-is-layout-flow\">\n<figure class=\"wp-block-image aligncenter size-full\"><img loading=\"lazy\" decoding=\"async\" width=\"1024\" height=\"768\" src=\"https:\/\/wp.borkan.se\/wp-content\/uploads\/2025\/08\/20230708_223926-Medel.jpg\" alt=\"\" class=\"wp-image-183\" srcset=\"https:\/\/wp.borkan.se\/wp-content\/uploads\/2025\/08\/20230708_223926-Medel.jpg 1024w, https:\/\/wp.borkan.se\/wp-content\/uploads\/2025\/08\/20230708_223926-Medel-300x225.jpg 300w, https:\/\/wp.borkan.se\/wp-content\/uploads\/2025\/08\/20230708_223926-Medel-768x576.jpg 768w\" sizes=\"auto, (max-width: 1024px) 100vw, 1024px\" \/><\/figure>\n\n\n\n<div style=\"height:14px\" aria-hidden=\"true\" class=\"wp-block-spacer\"><\/div>\n\n\n\n<h2 class=\"wp-block-heading has-text-align-center\">KONTOR<\/h2>\n\n\n\n<p>Styrelsens forum. Inloggning beh\u00f6vs.<\/p>\n\n\n\n<div style=\"height:57px\" aria-hidden=\"true\" class=\"wp-block-spacer\"><\/div>\n\n\n\n<div class=\"wp-block-buttons is-content-justification-center is-layout-flex wp-container-core-buttons-is-layout-a89b3969 wp-block-buttons-is-layout-flex\">\n<div class=\"wp-block-button\"><a class=\"wp-block-button__link wp-element-button\" href=\"https:\/\/styrelse.borkan.se\/\" target=\"_blank\" rel=\"noreferrer noopener\">KONTOR<\/a><\/div>\n<\/div>\n<\/div>\n\n\n\n<div class=\"wp-block-column is-layout-flow wp-block-column-is-layout-flow\">\n<figure class=\"wp-block-image size-large\"><img loading=\"lazy\" decoding=\"async\" width=\"1024\" height=\"768\" src=\"https:\/\/wp.borkan.se\/wp-content\/uploads\/2025\/08\/Borkafjall-1024x768.jpg\" alt=\"\" class=\"wp-image-155\" srcset=\"https:\/\/wp.borkan.se\/wp-content\/uploads\/2025\/08\/Borkafjall-1024x768.jpg 1024w, https:\/\/wp.borkan.se\/wp-content\/uploads\/2025\/08\/Borkafjall-300x225.jpg 300w, https:\/\/wp.borkan.se\/wp-content\/uploads\/2025\/08\/Borkafjall-768x576.jpg 768w, https:\/\/wp.borkan.se\/wp-content\/uploads\/2025\/08\/Borkafjall-1536x1152.jpg 1536w, https:\/\/wp.borkan.se\/wp-content\/uploads\/2025\/08\/Borkafjall-2048x1536.jpg 2048w\" sizes=\"auto, (max-width: 1024px) 100vw, 1024px\" \/><figcaption class=\"wp-element-caption\">Borkafj\u00e4ll<\/figcaption><\/figure>\n\n\n\n<h2 class=\"wp-block-heading has-text-align-center\">L\u00c4NKAR<\/h2>\n\n\n\n<p>P\u00e5 denna sida finns n\u00e5gra nyttiga l\u00e4nkar som underl\u00e4ttar vistelsen i dalg\u00e5ngen.<\/p>\n\n\n\n<div style=\"height:37px\" aria-hidden=\"true\" class=\"wp-block-spacer\"><\/div>\n\n\n\n<div class=\"wp-block-buttons is-content-justification-center is-layout-flex wp-container-core-buttons-is-layout-a89b3969 wp-block-buttons-is-layout-flex\">\n<div class=\"wp-block-button\"><a class=\"wp-block-button__link has-text-align-center wp-element-button\" href=\"https:\/\/wp.borkan.se\/index.php\/lankar\/\">L\u00c4NKAR<\/a><\/div>\n<\/div>\n<\/div>\n\n\n\n<div class=\"wp-block-column is-layout-flow wp-block-column-is-layout-flow\">\n<figure class=\"wp-block-image aligncenter size-large\"><img loading=\"lazy\" decoding=\"async\" width=\"1024\" height=\"771\" src=\"https:\/\/wp.borkan.se\/wp-content\/uploads\/2025\/08\/PXL_20250723_172011651.PORTRAIT-1024x771.jpg\" alt=\"\" class=\"wp-image-242\" style=\"aspect-ratio:4\/3;object-fit:cover\" srcset=\"https:\/\/wp.borkan.se\/wp-content\/uploads\/2025\/08\/PXL_20250723_172011651.PORTRAIT-1024x771.jpg 1024w, https:\/\/wp.borkan.se\/wp-content\/uploads\/2025\/08\/PXL_20250723_172011651.PORTRAIT-300x226.jpg 300w, https:\/\/wp.borkan.se\/wp-content\/uploads\/2025\/08\/PXL_20250723_172011651.PORTRAIT-768x578.jpg 768w, https:\/\/wp.borkan.se\/wp-content\/uploads\/2025\/08\/PXL_20250723_172011651.PORTRAIT-1536x1157.jpg 1536w, https:\/\/wp.borkan.se\/wp-content\/uploads\/2025\/08\/PXL_20250723_172011651.PORTRAIT-2048x1542.jpg 2048w\" sizes=\"auto, (max-width: 1024px) 100vw, 1024px\" \/><\/figure>\n\n\n\n<div style=\"height:8px\" aria-hidden=\"true\" class=\"wp-block-spacer\"><\/div>\n\n\n\n<h2 class=\"wp-block-heading has-text-align-center\">BYAR\/G\u00c5RDAR<\/h2>\n\n\n\n<p>I Borka byalags omr\u00e5de finns ett antal mindre och st\u00f6rre byar\/g\u00e5rdar. F\u00f6r att f\u00e5 mer information om dessa kan du klicka p\u00e5 l\u00e4nken.<\/p>\n\n\n\n<div style=\"height:10px\" aria-hidden=\"true\" class=\"wp-block-spacer\"><\/div>\n\n\n\n<div class=\"wp-block-buttons is-content-justification-center is-layout-flex wp-container-core-buttons-is-layout-a89b3969 wp-block-buttons-is-layout-flex\">\n<div class=\"wp-block-button\"><a class=\"wp-block-button__link has-text-align-center wp-element-button\" href=\"https:\/\/wp.borkan.se\/index.php\/byar\/\">BYAR\/G\u00c5RDAR<\/a><\/div>\n<\/div>\n<\/div>\n<\/div>\n\n\n\n<hr class=\"wp-block-separator has-alpha-channel-opacity\"\/>\n\n\n\n<div class=\"wp-block-uagb-container uagb-block-3a0d72f8 alignwide uagb-is-root-container\">\n<div class=\"wp-block-uagb-container uagb-block-8bcf24a8\">\n<figure class=\"wp-block-image aligncenter size-large\"><img loading=\"lazy\" decoding=\"async\" width=\"991\" height=\"1024\" src=\"https:\/\/wp.borkan.se\/wp-content\/uploads\/2025\/08\/20220711_205451-scaled-e1755868404957-991x1024.jpg\" alt=\"\" class=\"wp-image-237\" srcset=\"https:\/\/wp.borkan.se\/wp-content\/uploads\/2025\/08\/20220711_205451-scaled-e1755868404957-991x1024.jpg 991w, https:\/\/wp.borkan.se\/wp-content\/uploads\/2025\/08\/20220711_205451-scaled-e1755868404957-290x300.jpg 290w, https:\/\/wp.borkan.se\/wp-content\/uploads\/2025\/08\/20220711_205451-scaled-e1755868404957-768x794.jpg 768w, https:\/\/wp.borkan.se\/wp-content\/uploads\/2025\/08\/20220711_205451-scaled-e1755868404957-1486x1536.jpg 1486w, https:\/\/wp.borkan.se\/wp-content\/uploads\/2025\/08\/20220711_205451-scaled-e1755868404957.jpg 1920w\" sizes=\"auto, (max-width: 991px) 100vw, 991px\" \/><figcaption class=\"wp-element-caption\">Fj\u00e4llen 2022<\/figcaption><\/figure>\n\n\n\n<h2 class=\"wp-block-heading has-text-align-center\">FISKETILLSYN<\/h2>\n<\/div>\n\n\n\n<div class=\"wp-block-uagb-container uagb-block-43c380a5\">\n<p class=\"has-text-align-left\"><\/p>\n\n\n\n<div style=\"height:0px\" aria-hidden=\"true\" class=\"wp-block-spacer\"><\/div>\n<\/div>\n\n\n\n<div class=\"wp-block-uagb-container uagb-block-cb531c59\">\n<div style=\"height:88px\" aria-hidden=\"true\" class=\"wp-block-spacer\"><\/div>\n\n\n\n<p><\/p>\n<\/div>\n<\/div>\n<\/div>\n<\/div>\n\n\n\n<hr class=\"wp-block-separator has-alpha-channel-opacity\"\/>\n\n\n\n<p><\/p>\n","protected":false},"excerpt":{"rendered":"<p>Borka Byalags Samf\u00e4llighetsf\u00f6rening Borka byalag erbjuder fiske i olika former p\u00e5 \u00d6vre o Nedre F\u00e4ttjaure och i Borkasj\u00f6n.Kombinera g\u00e4rna fisket med m\u00e5nga andra trevliga fritidsaktiviteter i Kittelfj\u00e4ll med omland. FISKE Borkans samf\u00e4llighetsf\u00f6rening uppl\u00e5ter fiske p\u00e5 Borkan, Nedre F\u00e4ttjaur och p\u00e5 \u00d6vre F\u00e4ttjaur.Sj\u00f6arna hyser r\u00f6ding, \u00f6ring och i de str\u00f6mmande delarna \u00e4ven harr. Knappen leder till [&hellip;]<\/p>\n","protected":false},"author":1,"featured_media":165,"parent":0,"menu_order":0,"comment_status":"closed","ping_status":"closed","template":"","meta":{"_uag_custom_page_level_css":"","footnotes":""},"class_list":["post-8","page","type-page","status-publish","has-post-thumbnail","hentry"],"blocksy_meta":[],"uagb_featured_image_src":{"full":["https:\/\/wp.borkan.se\/wp-content\/uploads\/2025\/08\/Kullen-scaled.jpg",2560,1030,false],"thumbnail":["https:\/\/wp.borkan.se\/wp-content\/uploads\/2025\/08\/Kullen-150x150.jpg",150,150,true],"medium":["https:\/\/wp.borkan.se\/wp-content\/uploads\/2025\/08\/Kullen-300x121.jpg",300,121,true],"medium_large":["https:\/\/wp.borkan.se\/wp-content\/uploads\/2025\/08\/Kullen-768x309.jpg",768,309,true],"large":["https:\/\/wp.borkan.se\/wp-content\/uploads\/2025\/08\/Kullen-1024x412.jpg",1024,412,true],"1536x1536":["https:\/\/wp.borkan.se\/wp-content\/uploads\/2025\/08\/Kullen-1536x618.jpg",1536,618,true],"2048x2048":["https:\/\/wp.borkan.se\/wp-content\/uploads\/2025\/08\/Kullen-2048x824.jpg",2048,824,true]},"uagb_author_info":{"display_name":"admin","author_link":"https:\/\/wp.borkan.se\/index.php\/author\/admin_b0rkn\/"},"uagb_comment_info":0,"uagb_excerpt":"Borka Byalags Samf\u00e4llighetsf\u00f6rening Borka byalag erbjuder fiske i olika former p\u00e5 \u00d6vre o Nedre F\u00e4ttjaure och i Borkasj\u00f6n.Kombinera g\u00e4rna fisket med m\u00e5nga andra trevliga fritidsaktiviteter i Kittelfj\u00e4ll med omland. FISKE Borkans samf\u00e4llighetsf\u00f6rening uppl\u00e5ter fiske p\u00e5 Borkan, Nedre F\u00e4ttjaur och p\u00e5 \u00d6vre F\u00e4ttjaur.Sj\u00f6arna hyser r\u00f6ding, \u00f6ring och i de str\u00f6mmande delarna \u00e4ven harr. Knappen leder till&hellip;","_links":{"self":[{"href":"https:\/\/wp.borkan.se\/index.php\/wp-json\/wp\/v2\/pages\/8","targetHints":{"allow":["GET"]}}],"collection":[{"href":"https:\/\/wp.borkan.se\/index.php\/wp-json\/wp\/v2\/pages"}],"about":[{"href":"https:\/\/wp.borkan.se\/index.php\/wp-json\/wp\/v2\/types\/page"}],"author":[{"embeddable":true,"href":"https:\/\/wp.borkan.se\/index.php\/wp-json\/wp\/v2\/users\/1"}],"replies":[{"embeddable":true,"href":"https:\/\/wp.borkan.se\/index.php\/wp-json\/wp\/v2\/comments?post=8"}],"version-history":[{"count":57,"href":"https:\/\/wp.borkan.se\/index.php\/wp-json\/wp\/v2\/pages\/8\/revisions"}],"predecessor-version":[{"id":386,"href":"https:\/\/wp.borkan.se\/index.php\/wp-json\/wp\/v2\/pages\/8\/revisions\/386"}],"wp:featuredmedia":[{"embeddable":true,"href":"https:\/\/wp.borkan.se\/index.php\/wp-json\/wp\/v2\/media\/165"}],"wp:attachment":[{"href":"https:\/\/wp.borkan.se\/index.php\/wp-json\/wp\/v2\/media?parent=8"}],"curies":[{"name":"wp","href":"https:\/\/api.w.org\/{rel}","templated":true}]}}